{"id":64,"date":"2019-01-01T16:32:50","date_gmt":"2019-01-01T16:32:50","guid":{"rendered":"http:\/\/angelverein-schwandt.de\/?page_id=64"},"modified":"2021-12-02T18:35:23","modified_gmt":"2021-12-02T17:35:23","slug":"der-see","status":"publish","type":"page","link":"https:\/\/angelverein-schwandt.de\/?page_id=64","title":{"rendered":"Der See"},"content":{"rendered":"\n<p><code><a id=\"the_lake\"><\/a><\/code>Der Schwandter See ist ein ca. 17ha gro\u00dfer wundersch\u00f6ner, von Wald umgebener See, der bei normalem Wasserstand an der tiefsten Stelle ca. 2,5m tief ist. Die S\u00fcdspitze ist moorig, im Norden gibt es eine Badestelle, an der regelm\u00e4\u00dfig eine sehr gute Wasserqualit\u00e4t bescheinigt wird (<a href=\"#quali\" data-type=\"internal\" data-id=\"#quali\">siehe unten<\/a>).<\/p>\n\n\n\n<div class=\"wp-block-group\"><div class=\"wp-block-group__inner-container is-layout-flow wp-block-group-is-layout-flow\">\n<div class=\"wp-block-columns is-layout-flex wp-container-core-columns-is-layout-9d6595d7 wp-block-columns-is-layout-flex\">\n<div class=\"wp-block-column is-layout-flow wp-block-column-is-layout-flow\" style=\"flex-basis:50%\">\n<p>Der Schwandter See liegt im Quellbereich der Ostpeene. Der Grenzbach flie\u00dft von der S\u00fcdspitze des Sees zum nordwestlichen Ende hindurch und speist die Kittendorfer Peene, die sich dann mit der Ostpeene vereint. Am Nordostufer des Sees wurden durch den Angelverein mithilfe begabter ehrenamtlicher \u201eBauleute\u201c 5 Angelpl\u00e4tze, ein Badesteg und ein Bootssteg angelegt (gr\u00fcne Punkte in der Tiefenkarte, Karte anklicken f\u00fcr Details).<\/p>\n<\/div>\n\n\n\n<div class=\"wp-block-column is-layout-flow wp-block-column-is-layout-flow\" style=\"flex-basis:50%\"><style type=\"text\/css\">\n#foogallery-gallery-193 .fg-image { width: 300px; }\n#foogallery-gallery-193 { --fg-gutter: 10px; }<\/style>\n\t\t\t<div class=\"foogallery foogallery-container foogallery-default foogallery-lightbox-foobox fg-center fg-default fg-ready fg-light fg-border-thin fg-shadow-outline fg-loading-default fg-loaded-fade-in fg-hover-scale fg-hover-fade fg-hover-zoom\" id=\"foogallery-gallery-193\" data-foogallery=\"{&quot;item&quot;:{&quot;showCaptionTitle&quot;:false,&quot;showCaptionDescription&quot;:false},&quot;lazy&quot;:true}\" style=\"--fg-title-line-clamp: 0; --fg-description-line-clamp: 0;\" >\n\t<div class=\"fg-item fg-type-image fg-idle\"><figure class=\"fg-item-inner\"><a href=\"https:\/\/angelverein-schwandt.de\/wp-content\/uploads\/2019\/01\/tiefenkarte_a.jpg\" data-caption-title=\"Tiefenkarte des Schwandter Sees\" data-caption-desc=\"Tiefenkarte\" data-attachment-id=\"342\" data-type=\"image\" class=\"fg-thumb\"><span class=\"fg-image-wrap\"><img fetchpriority=\"high\" decoding=\"async\" alt=\"Tiefenkarte\" title=\"Tiefenkarte des Schwandter Sees\" width=\"300\" height=\"300\" class=\"skip-lazy fg-image\" data-src-fg=\"https:\/\/angelverein-schwandt.de\/wp-content\/uploads\/cache\/2019\/01\/tiefenkarte_a\/1713035340.jpg\" data-srcset-fg=\"https:\/\/angelverein-schwandt.de\/wp-content\/uploads\/cache\/2019\/01\/tiefenkarte_a\/1630965075.jpg 2x,https:\/\/angelverein-schwandt.de\/wp-content\/uploads\/cache\/2019\/01\/tiefenkarte_a\/1749185138.jpg 3x,https:\/\/angelverein-schwandt.de\/wp-content\/uploads\/cache\/2019\/01\/tiefenkarte_a\/673640859.jpg 4x\" src=\"data:image\/svg+xml,%3Csvg%20xmlns%3D%22http%3A%2F%2Fwww.w3.org%2F2000%2Fsvg%22%20width%3D%22300%22%20height%3D%22300%22%20viewBox%3D%220%200%20300%20300%22%3E%3C%2Fsvg%3E\" loading=\"eager\"><\/span><span class=\"fg-image-overlay\"><\/span><\/a><\/figure><div class=\"fg-loader\"><\/div><\/div><\/div>\n<style type=\"text\/css\">#foogallery-gallery-193 {\r\nfloat:left; }<\/style>\n<\/div>\n<\/div>\n<\/div><\/div>\n\n\n\n<figure class=\"wp-block-gallery aligncenter columns-2 is-cropped wp-block-gallery-1 is-layout-flex wp-block-gallery-is-layout-flex\"><ul class=\"blocks-gallery-grid\"><li class=\"blocks-gallery-item\"><figure><a href=\"http:\/\/angelverein-schwandt.de\/wp-content\/uploads\/2019\/01\/IMGP2707.jpg\"><img loading=\"lazy\" decoding=\"async\" width=\"1024\" height=\"681\" src=\"http:\/\/angelverein-schwandt.de\/wp-content\/uploads\/2019\/01\/IMGP2707-1024x681.jpg\" alt=\"Seerosen\" data-id=\"499\" data-full-url=\"http:\/\/angelverein-schwandt.de\/wp-content\/uploads\/2019\/01\/IMGP2707.jpg\" data-link=\"http:\/\/angelverein-schwandt.de\/?attachment_id=499\" class=\"wp-image-499\" srcset=\"https:\/\/angelverein-schwandt.de\/wp-content\/uploads\/2019\/01\/IMGP2707-1024x681.jpg 1024w, https:\/\/angelverein-schwandt.de\/wp-content\/uploads\/2019\/01\/IMGP2707-300x199.jpg 300w, https:\/\/angelverein-schwandt.de\/wp-content\/uploads\/2019\/01\/IMGP2707-768x510.jpg 768w, https:\/\/angelverein-schwandt.de\/wp-content\/uploads\/2019\/01\/IMGP2707-1280x851.jpg 1280w, https:\/\/angelverein-schwandt.de\/wp-content\/uploads\/2019\/01\/IMGP2707.jpg 1500w\" sizes=\"auto, (max-width: 1024px) 100vw, 1024px\" \/><\/a><figcaption class=\"blocks-gallery-item__caption\">Seerosen<\/figcaption><\/figure><\/li><li class=\"blocks-gallery-item\"><figure><a href=\"http:\/\/angelverein-schwandt.de\/wp-content\/uploads\/2019\/01\/IMGP2701.jpg\"><img loading=\"lazy\" decoding=\"async\" width=\"1024\" height=\"681\" src=\"http:\/\/angelverein-schwandt.de\/wp-content\/uploads\/2019\/01\/IMGP2701-1024x681.jpg\" alt=\"Seerosen\" data-id=\"498\" data-full-url=\"http:\/\/angelverein-schwandt.de\/wp-content\/uploads\/2019\/01\/IMGP2701.jpg\" data-link=\"http:\/\/angelverein-schwandt.de\/?attachment_id=498\" class=\"wp-image-498\" srcset=\"https:\/\/angelverein-schwandt.de\/wp-content\/uploads\/2019\/01\/IMGP2701-1024x681.jpg 1024w, https:\/\/angelverein-schwandt.de\/wp-content\/uploads\/2019\/01\/IMGP2701-300x199.jpg 300w, https:\/\/angelverein-schwandt.de\/wp-content\/uploads\/2019\/01\/IMGP2701-768x510.jpg 768w, https:\/\/angelverein-schwandt.de\/wp-content\/uploads\/2019\/01\/IMGP2701-1280x851.jpg 1280w, https:\/\/angelverein-schwandt.de\/wp-content\/uploads\/2019\/01\/IMGP2701.jpg 1500w\" sizes=\"auto, (max-width: 1024px) 100vw, 1024px\" \/><\/a><figcaption class=\"blocks-gallery-item__caption\">Seerosen<\/figcaption><\/figure><\/li><li class=\"blocks-gallery-item\"><figure><a href=\"http:\/\/angelverein-schwandt.de\/wp-content\/uploads\/2019\/01\/IMGP2693.jpg\"><img loading=\"lazy\" decoding=\"async\" width=\"681\" height=\"1024\" src=\"http:\/\/angelverein-schwandt.de\/wp-content\/uploads\/2019\/01\/IMGP2693-681x1024.jpg\" alt=\"Gelbe Wasserlilie\" data-id=\"497\" data-full-url=\"http:\/\/angelverein-schwandt.de\/wp-content\/uploads\/2019\/01\/IMGP2693.jpg\" data-link=\"http:\/\/angelverein-schwandt.de\/?attachment_id=497\" class=\"wp-image-497\" srcset=\"https:\/\/angelverein-schwandt.de\/wp-content\/uploads\/2019\/01\/IMGP2693-681x1024.jpg 681w, https:\/\/angelverein-schwandt.de\/wp-content\/uploads\/2019\/01\/IMGP2693-199x300.jpg 199w, https:\/\/angelverein-schwandt.de\/wp-content\/uploads\/2019\/01\/IMGP2693-768x1155.jpg 768w, https:\/\/angelverein-schwandt.de\/wp-content\/uploads\/2019\/01\/IMGP2693-851x1280.jpg 851w, https:\/\/angelverein-schwandt.de\/wp-content\/uploads\/2019\/01\/IMGP2693.jpg 997w\" sizes=\"auto, (max-width: 681px) 100vw, 681px\" \/><\/a><figcaption class=\"blocks-gallery-item__caption\">Gelbe Wasserlilie<\/figcaption><\/figure><\/li><li class=\"blocks-gallery-item\"><figure><a href=\"http:\/\/angelverein-schwandt.de\/wp-content\/uploads\/2019\/01\/ortho.jpg\"><img loading=\"lazy\" decoding=\"async\" width=\"1024\" height=\"724\" src=\"http:\/\/angelverein-schwandt.de\/wp-content\/uploads\/2019\/01\/ortho-1024x724.jpg\" alt=\"\" data-id=\"341\" data-full-url=\"http:\/\/angelverein-schwandt.de\/wp-content\/uploads\/2019\/01\/ortho.jpg\" data-link=\"http:\/\/angelverein-schwandt.de\/?attachment_id=341\" class=\"wp-image-341\" srcset=\"https:\/\/angelverein-schwandt.de\/wp-content\/uploads\/2019\/01\/ortho-1024x724.jpg 1024w, https:\/\/angelverein-schwandt.de\/wp-content\/uploads\/2019\/01\/ortho-300x212.jpg 300w, https:\/\/angelverein-schwandt.de\/wp-content\/uploads\/2019\/01\/ortho-768x543.jpg 768w, https:\/\/angelverein-schwandt.de\/wp-content\/uploads\/2019\/01\/ortho-1280x905.jpg 1280w, https:\/\/angelverein-schwandt.de\/wp-content\/uploads\/2019\/01\/ortho.jpg 1753w\" sizes=\"auto, (max-width: 1024px) 100vw, 1024px\" \/><\/a><figcaption class=\"blocks-gallery-item__caption\">aktuelles Luftbild<\/figcaption><\/figure><\/li><li class=\"blocks-gallery-item\"><figure><a href=\"http:\/\/angelverein-schwandt.de\/wp-content\/uploads\/2019\/01\/hist_ortho.jpg\"><img loading=\"lazy\" decoding=\"async\" width=\"1024\" height=\"724\" src=\"http:\/\/angelverein-schwandt.de\/wp-content\/uploads\/2019\/01\/hist_ortho-1024x724.jpg\" alt=\"\" data-id=\"340\" data-full-url=\"http:\/\/angelverein-schwandt.de\/wp-content\/uploads\/2019\/01\/hist_ortho.jpg\" data-link=\"http:\/\/angelverein-schwandt.de\/?attachment_id=340\" class=\"wp-image-340\" srcset=\"https:\/\/angelverein-schwandt.de\/wp-content\/uploads\/2019\/01\/hist_ortho-1024x724.jpg 1024w, https:\/\/angelverein-schwandt.de\/wp-content\/uploads\/2019\/01\/hist_ortho-300x212.jpg 300w, https:\/\/angelverein-schwandt.de\/wp-content\/uploads\/2019\/01\/hist_ortho-768x543.jpg 768w, https:\/\/angelverein-schwandt.de\/wp-content\/uploads\/2019\/01\/hist_ortho-1280x905.jpg 1280w, https:\/\/angelverein-schwandt.de\/wp-content\/uploads\/2019\/01\/hist_ortho.jpg 1753w\" sizes=\"auto, (max-width: 1024px) 100vw, 1024px\" \/><\/a><figcaption class=\"blocks-gallery-item__caption\">Luftbild 1953<\/figcaption><\/figure><\/li><li class=\"blocks-gallery-item\"><figure><a href=\"http:\/\/angelverein-schwandt.de\/wp-content\/uploads\/2019\/01\/badestelle.jpg\"><img loading=\"lazy\" decoding=\"async\" width=\"1024\" height=\"683\" src=\"http:\/\/angelverein-schwandt.de\/wp-content\/uploads\/2019\/01\/badestelle-1024x683.jpg\" alt=\"\" data-id=\"324\" data-full-url=\"http:\/\/angelverein-schwandt.de\/wp-content\/uploads\/2019\/01\/badestelle.jpg\" data-link=\"http:\/\/angelverein-schwandt.de\/?attachment_id=324\" class=\"wp-image-324\" srcset=\"https:\/\/angelverein-schwandt.de\/wp-content\/uploads\/2019\/01\/badestelle-1024x683.jpg 1024w, https:\/\/angelverein-schwandt.de\/wp-content\/uploads\/2019\/01\/badestelle-300x200.jpg 300w, https:\/\/angelverein-schwandt.de\/wp-content\/uploads\/2019\/01\/badestelle-768x512.jpg 768w, https:\/\/angelverein-schwandt.de\/wp-content\/uploads\/2019\/01\/badestelle.jpg 1200w\" sizes=\"auto, (max-width: 1024px) 100vw, 1024px\" \/><\/a><figcaption class=\"blocks-gallery-item__caption\">k\u00fchler Morgen<\/figcaption><\/figure><\/li><li class=\"blocks-gallery-item\"><figure><a href=\"http:\/\/angelverein-schwandt.de\/wp-content\/uploads\/2019\/01\/herbst_am_see.jpg\"><img loading=\"lazy\" decoding=\"async\" width=\"1024\" height=\"680\" src=\"http:\/\/angelverein-schwandt.de\/wp-content\/uploads\/2019\/01\/herbst_am_see-1024x680.jpg\" alt=\"\" data-id=\"239\" data-full-url=\"http:\/\/angelverein-schwandt.de\/wp-content\/uploads\/2019\/01\/herbst_am_see.jpg\" data-link=\"http:\/\/angelverein-schwandt.de\/?attachment_id=239\" class=\"wp-image-239\" srcset=\"https:\/\/angelverein-schwandt.de\/wp-content\/uploads\/2019\/01\/herbst_am_see-1024x680.jpg 1024w, https:\/\/angelverein-schwandt.de\/wp-content\/uploads\/2019\/01\/herbst_am_see-300x199.jpg 300w, https:\/\/angelverein-schwandt.de\/wp-content\/uploads\/2019\/01\/herbst_am_see-768x510.jpg 768w, https:\/\/angelverein-schwandt.de\/wp-content\/uploads\/2019\/01\/herbst_am_see.jpg 1200w\" sizes=\"auto, (max-width: 1024px) 100vw, 1024px\" \/><\/a><figcaption class=\"blocks-gallery-item__caption\">Blick vom Badesteg<\/figcaption><\/figure><\/li><li class=\"blocks-gallery-item\"><figure><a href=\"http:\/\/angelverein-schwandt.de\/wp-content\/uploads\/2018\/12\/morgen_am_see.jpg\"><img loading=\"lazy\" decoding=\"async\" width=\"1024\" height=\"756\" src=\"http:\/\/angelverein-schwandt.de\/wp-content\/uploads\/2018\/12\/morgen_am_see-1024x756.jpg\" alt=\"\" data-id=\"42\" data-full-url=\"http:\/\/angelverein-schwandt.de\/wp-content\/uploads\/2018\/12\/morgen_am_see.jpg\" data-link=\"http:\/\/angelverein-schwandt.de\/?attachment_id=42\" class=\"wp-image-42\" srcset=\"https:\/\/angelverein-schwandt.de\/wp-content\/uploads\/2018\/12\/morgen_am_see-1024x756.jpg 1024w, https:\/\/angelverein-schwandt.de\/wp-content\/uploads\/2018\/12\/morgen_am_see-300x221.jpg 300w, https:\/\/angelverein-schwandt.de\/wp-content\/uploads\/2018\/12\/morgen_am_see-768x567.jpg 768w, https:\/\/angelverein-schwandt.de\/wp-content\/uploads\/2018\/12\/morgen_am_see-1280x945.jpg 1280w, https:\/\/angelverein-schwandt.de\/wp-content\/uploads\/2018\/12\/morgen_am_see.jpg 1500w\" sizes=\"auto, (max-width: 1024px) 100vw, 1024px\" \/><\/a><figcaption class=\"blocks-gallery-item__caption\">Blaue Stunde<\/figcaption><\/figure><\/li><\/ul><\/figure>\n\n\n\n<p style=\"font-size:-5px\">(Fotos: L. Fricke, F. M\u00e4hling)<\/p>\n\n\n\n<p>Hier die <strong>amtliche Bewertung der Wasserqualit\u00e4t<\/strong> (zum Vergr\u00f6\u00dfern anklicken und dann oben rechts auf die Lupe klicken):<\/p>\n\n\n\n<div class=\"wp-block-ps2id-block-target\" id=\"quali\"><\/div>\n\n\n\n<figure class=\"wp-block-gallery aligncenter columns-1 is-cropped wp-block-gallery-2 is-layout-flex wp-block-gallery-is-layout-flex\"><ul class=\"blocks-gallery-grid\"><li class=\"blocks-gallery-item\"><figure><img loading=\"lazy\" decoding=\"async\" width=\"704\" height=\"1016\" src=\"http:\/\/angelverein-schwandt.de\/wp-content\/uploads\/2020\/05\/2020-05-11_13-18-13-293_g.jpg\" alt=\"\" data-id=\"490\" data-full-url=\"http:\/\/angelverein-schwandt.de\/wp-content\/uploads\/2020\/05\/2020-05-11_13-18-13-293_g.jpg\" data-link=\"http:\/\/angelverein-schwandt.de\/?attachment_id=490\" class=\"wp-image-490\" srcset=\"https:\/\/angelverein-schwandt.de\/wp-content\/uploads\/2020\/05\/2020-05-11_13-18-13-293_g.jpg 704w, https:\/\/angelverein-schwandt.de\/wp-content\/uploads\/2020\/05\/2020-05-11_13-18-13-293_g-208x300.jpg 208w\" sizes=\"auto, (max-width: 704px) 100vw, 704px\" \/><figcaption class=\"blocks-gallery-item__caption\">Wasserg\u00fcte<\/figcaption><\/figure><\/li><\/ul><\/figure>\n","protected":false},"excerpt":{"rendered":"<p>Der Schwandter See ist ein ca. 17ha gro\u00dfer wundersch\u00f6ner, von Wald umgebener See, der bei normalem Wasserstand an der tiefsten Stelle ca. 2,5m tief ist. Die S\u00fcdspitze ist moorig, im Norden gibt es eine Badestelle, an der regelm\u00e4\u00dfig eine sehr gute Wasserqualit\u00e4t bescheinigt wird (siehe unten). Der Schwandter See liegt im Quellbereich der Ostpeene. Der [&hellip;]<\/p>\n","protected":false},"author":1,"featured_media":0,"parent":0,"menu_order":0,"comment_status":"closed","ping_status":"closed","template":"","meta":{"footnotes":""},"class_list":["post-64","page","type-page","status-publish","entry"],"publishpress_future_action":{"enabled":false,"date":"2026-05-07 08:34:35","action":"change-status","newStatus":"draft","terms":[],"taxonomy":"","extraData":[]},"publishpress_future_workflow_manual_trigger":{"enabledWorkflows":[]},"_links":{"self":[{"href":"https:\/\/angelverein-schwandt.de\/index.php?rest_route=\/wp\/v2\/pages\/64","targetHints":{"allow":["GET"]}}],"collection":[{"href":"https:\/\/angelverein-schwandt.de\/index.php?rest_route=\/wp\/v2\/pages"}],"about":[{"href":"https:\/\/angelverein-schwandt.de\/index.php?rest_route=\/wp\/v2\/types\/page"}],"author":[{"embeddable":true,"href":"https:\/\/angelverein-schwandt.de\/index.php?rest_route=\/wp\/v2\/users\/1"}],"replies":[{"embeddable":true,"href":"https:\/\/angelverein-schwandt.de\/index.php?rest_route=%2Fwp%2Fv2%2Fcomments&post=64"}],"version-history":[{"count":71,"href":"https:\/\/angelverein-schwandt.de\/index.php?rest_route=\/wp\/v2\/pages\/64\/revisions"}],"predecessor-version":[{"id":615,"href":"https:\/\/angelverein-schwandt.de\/index.php?rest_route=\/wp\/v2\/pages\/64\/revisions\/615"}],"wp:attachment":[{"href":"https:\/\/angelverein-schwandt.de\/index.php?rest_route=%2Fwp%2Fv2%2Fmedia&parent=64"}],"curies":[{"name":"wp","href":"https:\/\/api.w.org\/{rel}","templated":true}]}}