{"id":389,"date":"2019-02-10T11:25:43","date_gmt":"2019-02-10T10:25:43","guid":{"rendered":"http:\/\/angelverein-schwandt.de\/?page_id=389"},"modified":"2023-11-01T19:17:50","modified_gmt":"2023-11-01T18:17:50","slug":"aktionen","status":"publish","type":"page","link":"https:\/\/angelverein-schwandt.de\/?page_id=389","title":{"rendered":"Aktionen"},"content":{"rendered":"\n<div class=\"wp-block-ps2id-block-target\" id=\"actions\"><\/div>\n\n\n\n<h2 class=\"wp-block-heading\">Nach getaner Arbeit &#8211; Herbst 2023<\/h2>\n\n\n\n<p>Nach dem erfolgreichen Einsatz im Herbst 2023 gibt es traditionell W\u00fcrstchen und gute Gemeinschaft.<\/p>\n\n\n\n<figure class=\"wp-block-gallery has-nested-images columns-2 is-cropped wp-block-gallery-1 is-layout-flex wp-block-gallery-is-layout-flex\">\n<figure class=\"wp-block-image size-large\"><img loading=\"lazy\" decoding=\"async\" width=\"768\" height=\"1024\" data-id=\"700\" src=\"https:\/\/angelverein-schwandt.de\/wp-content\/uploads\/2023\/11\/weg_frei-768x1024.jpg\" alt=\"\" class=\"wp-image-700\" srcset=\"https:\/\/angelverein-schwandt.de\/wp-content\/uploads\/2023\/11\/weg_frei-768x1024.jpg 768w, https:\/\/angelverein-schwandt.de\/wp-content\/uploads\/2023\/11\/weg_frei-225x300.jpg 225w, https:\/\/angelverein-schwandt.de\/wp-content\/uploads\/2023\/11\/weg_frei-1152x1536.jpg 1152w, https:\/\/angelverein-schwandt.de\/wp-content\/uploads\/2023\/11\/weg_frei-960x1280.jpg 960w, https:\/\/angelverein-schwandt.de\/wp-content\/uploads\/2023\/11\/weg_frei.jpg 1200w\" sizes=\"auto, (max-width: 768px) 100vw, 768px\" \/><figcaption class=\"wp-element-caption\">wir machen den Weg &#8230;<\/figcaption><\/figure>\n\n\n\n<figure class=\"wp-block-image size-large\"><img loading=\"lazy\" decoding=\"async\" width=\"1024\" height=\"768\" data-id=\"693\" src=\"https:\/\/angelverein-schwandt.de\/wp-content\/uploads\/2023\/11\/einsatz_09_2023-1024x768.jpg\" alt=\"\" class=\"wp-image-693\" srcset=\"https:\/\/angelverein-schwandt.de\/wp-content\/uploads\/2023\/11\/einsatz_09_2023-1024x768.jpg 1024w, https:\/\/angelverein-schwandt.de\/wp-content\/uploads\/2023\/11\/einsatz_09_2023-300x225.jpg 300w, https:\/\/angelverein-schwandt.de\/wp-content\/uploads\/2023\/11\/einsatz_09_2023-768x576.jpg 768w, https:\/\/angelverein-schwandt.de\/wp-content\/uploads\/2023\/11\/einsatz_09_2023.jpg 1200w\" sizes=\"auto, (max-width: 1024px) 100vw, 1024px\" \/><figcaption class=\"wp-element-caption\">&#8230; frei<\/figcaption><\/figure>\n\n\n\n<figure class=\"wp-block-image size-large\"><img loading=\"lazy\" decoding=\"async\" width=\"1024\" height=\"768\" data-id=\"694\" src=\"https:\/\/angelverein-schwandt.de\/wp-content\/uploads\/2023\/11\/essen_k-1024x768.jpg\" alt=\"\" class=\"wp-image-694\" srcset=\"https:\/\/angelverein-schwandt.de\/wp-content\/uploads\/2023\/11\/essen_k-1024x768.jpg 1024w, https:\/\/angelverein-schwandt.de\/wp-content\/uploads\/2023\/11\/essen_k-300x225.jpg 300w, https:\/\/angelverein-schwandt.de\/wp-content\/uploads\/2023\/11\/essen_k-768x576.jpg 768w, https:\/\/angelverein-schwandt.de\/wp-content\/uploads\/2023\/11\/essen_k.jpg 1200w\" sizes=\"auto, (max-width: 1024px) 100vw, 1024px\" \/><figcaption class=\"wp-element-caption\">lecker W\u00fcrstchen<\/figcaption><\/figure>\n<\/figure>\n\n\n\n<p> <\/p>\n\n\n\n<hr class=\"wp-block-separator has-alpha-channel-opacity\"\/>\n\n\n\n<h2 class=\"wp-block-heading\">Ausbaggern mit dem Schwimmbagger<\/h2>\n\n\n\n<p>Nach mehreren Anl\u00e4ufen ist es nun gelungen, mit einem Schwimmbagger den Bootssteg wieder &#8222;schiffbar&#8220; zu machen. Gro\u00dfen Dank an Sponsoren, freiwillige Baggerfahrer, Organisatoren und Helfer.<\/p>\n\n\n<style type=\"text\/css\">\n#foogallery-gallery-593 .fg-image { width: 150px; }\n#foogallery-gallery-593 { --fg-gutter: 10px; }<\/style>\n\t\t\t<div class=\"foogallery foogallery-container foogallery-default foogallery-lightbox-foobox fg-center fg-default fg-ready fg-light fg-border-thin fg-shadow-outline fg-loading-default fg-loaded-fade-in fg-caption-hover fg-hover-fade fg-hover-zoom\" id=\"foogallery-gallery-593\" data-foogallery=\"{&quot;item&quot;:{&quot;showCaptionTitle&quot;:true,&quot;showCaptionDescription&quot;:true},&quot;lazy&quot;:true}\" style=\"--fg-title-line-clamp: 0; --fg-description-line-clamp: 0;\" >\n\t<div class=\"fg-item fg-type-image fg-idle\"><figure class=\"fg-item-inner\"><a href=\"https:\/\/angelverein-schwandt.de\/wp-content\/uploads\/2021\/11\/IMGP8537.jpg\" data-attachment-id=\"594\" data-type=\"image\" class=\"fg-thumb\"><span class=\"fg-image-wrap\"><img decoding=\"async\" width=\"150\" height=\"150\" class=\"skip-lazy fg-image\" data-src-fg=\"https:\/\/angelverein-schwandt.de\/wp-content\/uploads\/cache\/2021\/11\/IMGP8537\/2367003457.jpg\" data-srcset-fg=\"https:\/\/angelverein-schwandt.de\/wp-content\/uploads\/cache\/2021\/11\/IMGP8537\/2542686378.jpg 2x\" src=\"data:image\/svg+xml,%3Csvg%20xmlns%3D%22http%3A%2F%2Fwww.w3.org%2F2000%2Fsvg%22%20width%3D%22150%22%20height%3D%22150%22%20viewBox%3D%220%200%20150%20150%22%3E%3C%2Fsvg%3E\" loading=\"eager\"><\/span><span class=\"fg-image-overlay\"><\/span><\/a><\/figure><div class=\"fg-loader\"><\/div><\/div><div class=\"fg-item fg-type-image fg-idle\"><figure class=\"fg-item-inner\"><a href=\"https:\/\/angelverein-schwandt.de\/wp-content\/uploads\/2021\/11\/IMGP8610.jpg\" data-attachment-id=\"595\" data-type=\"image\" class=\"fg-thumb\"><span class=\"fg-image-wrap\"><img decoding=\"async\" width=\"150\" height=\"150\" class=\"skip-lazy fg-image\" data-src-fg=\"https:\/\/angelverein-schwandt.de\/wp-content\/uploads\/cache\/2021\/11\/IMGP8610\/3424055047.jpg\" data-srcset-fg=\"https:\/\/angelverein-schwandt.de\/wp-content\/uploads\/cache\/2021\/11\/IMGP8610\/3599574252.jpg 2x\" src=\"data:image\/svg+xml,%3Csvg%20xmlns%3D%22http%3A%2F%2Fwww.w3.org%2F2000%2Fsvg%22%20width%3D%22150%22%20height%3D%22150%22%20viewBox%3D%220%200%20150%20150%22%3E%3C%2Fsvg%3E\" loading=\"eager\"><\/span><span class=\"fg-image-overlay\"><\/span><\/a><\/figure><div class=\"fg-loader\"><\/div><\/div><div class=\"fg-item fg-type-image fg-idle\"><figure class=\"fg-item-inner\"><a href=\"https:\/\/angelverein-schwandt.de\/wp-content\/uploads\/2021\/11\/IMGP8734.jpg\" data-attachment-id=\"596\" data-type=\"image\" class=\"fg-thumb\"><span class=\"fg-image-wrap\"><img decoding=\"async\" width=\"150\" height=\"150\" class=\"skip-lazy fg-image\" data-src-fg=\"https:\/\/angelverein-schwandt.de\/wp-content\/uploads\/cache\/2021\/11\/IMGP8734\/3222378346.jpg\" data-srcset-fg=\"https:\/\/angelverein-schwandt.de\/wp-content\/uploads\/cache\/2021\/11\/IMGP8734\/3666500737.jpg 2x\" src=\"data:image\/svg+xml,%3Csvg%20xmlns%3D%22http%3A%2F%2Fwww.w3.org%2F2000%2Fsvg%22%20width%3D%22150%22%20height%3D%22150%22%20viewBox%3D%220%200%20150%20150%22%3E%3C%2Fsvg%3E\" loading=\"eager\"><\/span><span class=\"fg-image-overlay\"><\/span><\/a><\/figure><div class=\"fg-loader\"><\/div><\/div><\/div>\n\n\n\n\n<h2 class=\"wp-block-heading\">Herbsteinsatz 2020<\/h2>\n\n\n\n<p>Am 19.09.2020 haben flei\u00dfige Angler wieder einmal etwas f\u00fcr das Umfeld des Sees und f\u00fcr alle getan, die &#8222;unseren&#8220; See genie\u00dfen m\u00f6chten. Es wurden auf der R\u00fcckseite des Sees zwei von der Gemeinde bereitgestellte B\u00e4nke aufgebaut und die Br\u00fccke am S\u00fcd-West Ende vollst\u00e4ndig erneuert. Nat\u00fcrlich wurden auch Abf\u00e4lle gesammelt und auch neue Abfallbeh\u00e4lter f\u00fcr die G\u00e4ste des Sees aufgestellt.<\/p>\n\n\n\n<p> <img loading=\"lazy\" decoding=\"async\" width=\"350\" height=\"263\" class=\"wp-image-529\" style=\"width: 350px;\" src=\"http:\/\/angelverein-schwandt.de\/wp-content\/uploads\/2020\/09\/IMG_20200919_123001.jpg\" alt=\"Br\u00fcckenbau\" srcset=\"https:\/\/angelverein-schwandt.de\/wp-content\/uploads\/2020\/09\/IMG_20200919_123001.jpg 1200w, https:\/\/angelverein-schwandt.de\/wp-content\/uploads\/2020\/09\/IMG_20200919_123001-300x225.jpg 300w, https:\/\/angelverein-schwandt.de\/wp-content\/uploads\/2020\/09\/IMG_20200919_123001-1024x768.jpg 1024w, https:\/\/angelverein-schwandt.de\/wp-content\/uploads\/2020\/09\/IMG_20200919_123001-768x576.jpg 768w\" sizes=\"auto, (max-width: 350px) 100vw, 350px\" \/><\/p>\n\n\n\n<h2 class=\"wp-block-heading\">Fr\u00fchjahrsputz 2019<\/h2>\n\n\n\n<p>Am 23.03.19 wird beim Fr\u00fchjahrsputz von flei\u00dfigen H\u00e4nden M\u00fcll gesammelt, die Angelstellen und von \u00c4sten im Wasser befreit und am Bootssteg die Liegepl\u00e4tze gepflegt. Au\u00dferdem wurde der Schaukasten angebaut, so dass jeder in Zukunft wichtige Informationen direkt vor Ort finden kann.<\/p>\n","protected":false},"excerpt":{"rendered":"<p>Nach getaner Arbeit &#8211; Herbst 2023 Nach dem erfolgreichen Einsatz im Herbst 2023 gibt es traditionell W\u00fcrstchen und gute Gemeinschaft. Ausbaggern mit dem Schwimmbagger Nach mehreren Anl\u00e4ufen ist es nun gelungen, mit einem Schwimmbagger den Bootssteg wieder &#8222;schiffbar&#8220; zu machen. Gro\u00dfen Dank an Sponsoren, freiwillige Baggerfahrer, Organisatoren und Helfer. Herbsteinsatz 2020 Am 19.09.2020 haben flei\u00dfige [&hellip;]<\/p>\n","protected":false},"author":1,"featured_media":0,"parent":0,"menu_order":0,"comment_status":"closed","ping_status":"closed","template":"","meta":{"footnotes":""},"class_list":["post-389","page","type-page","status-publish","entry"],"publishpress_future_action":{"enabled":false,"date":"2026-05-08 16:44:15","action":"change-status","newStatus":"draft","terms":[],"taxonomy":"","extraData":[]},"publishpress_future_workflow_manual_trigger":{"enabledWorkflows":[]},"_links":{"self":[{"href":"https:\/\/angelverein-schwandt.de\/index.php?rest_route=\/wp\/v2\/pages\/389","targetHints":{"allow":["GET"]}}],"collection":[{"href":"https:\/\/angelverein-schwandt.de\/index.php?rest_route=\/wp\/v2\/pages"}],"about":[{"href":"https:\/\/angelverein-schwandt.de\/index.php?rest_route=\/wp\/v2\/types\/page"}],"author":[{"embeddable":true,"href":"https:\/\/angelverein-schwandt.de\/index.php?rest_route=\/wp\/v2\/users\/1"}],"replies":[{"embeddable":true,"href":"https:\/\/angelverein-schwandt.de\/index.php?rest_route=%2Fwp%2Fv2%2Fcomments&post=389"}],"version-history":[{"count":24,"href":"https:\/\/angelverein-schwandt.de\/index.php?rest_route=\/wp\/v2\/pages\/389\/revisions"}],"predecessor-version":[{"id":704,"href":"https:\/\/angelverein-schwandt.de\/index.php?rest_route=\/wp\/v2\/pages\/389\/revisions\/704"}],"wp:attachment":[{"href":"https:\/\/angelverein-schwandt.de\/index.php?rest_route=%2Fwp%2Fv2%2Fmedia&parent=389"}],"curies":[{"name":"wp","href":"https:\/\/api.w.org\/{rel}","templated":true}]}}