{"id":315,"date":"2019-01-05T18:44:35","date_gmt":"2019-01-05T18:44:35","guid":{"rendered":"http:\/\/angelverein-schwandt.de\/?page_id=315"},"modified":"2023-04-06T10:42:43","modified_gmt":"2023-04-06T08:42:43","slug":"fische-im-schwandter-see","status":"publish","type":"page","link":"https:\/\/angelverein-schwandt.de\/?page_id=315","title":{"rendered":"Fische im Schwandter See"},"content":{"rendered":"\n<p><code><a id=\"fish\"><\/a><\/code>Der See ist reich an Fischen. Es finden sich Aal, Hecht, Barsch und  Kaulbarsch, Pl\u00f6tze, Rotfeder, Karausche und Schleie, Karpfen,  Moderlieschen und Stichling. Ein Besatz mit Zander wurde durchgef\u00fchrt, da die  Zanderpopulation zu gering war.<\/p>\n\n\n<div class=\"wp-block-image\">\n<figure class=\"alignright is-resized\"><img loading=\"lazy\" decoding=\"async\" src=\"http:\/\/angelverein-schwandt.de\/wp-content\/uploads\/2019\/01\/kind.png\" alt=\"\" class=\"wp-image-322\" width=\"192\" height=\"289\" srcset=\"https:\/\/angelverein-schwandt.de\/wp-content\/uploads\/2019\/01\/kind.png 533w, https:\/\/angelverein-schwandt.de\/wp-content\/uploads\/2019\/01\/kind-200x300.png 200w\" sizes=\"auto, (max-width: 192px) 100vw, 192px\" \/><\/figure>\n<\/div>\n\n\n<p>Es gelten folgende Mindestma\u00dfe und Schonzeiten:<\/p>\n\n\n\n<ul class=\"wp-block-list\">\n<li>Aal &#8211; 50cm &#8211; 01.12. bis 28.2.<\/li>\n\n\n\n<li>Barsche &#8211; 17cm &#8211; keine Schonzeit<\/li>\n\n\n\n<li>Hecht &#8211; 60cm bis 80cm &#8211; 01.03. bis 30.04.<\/li>\n\n\n\n<li>Karpfen &#8211; 40cm &#8211; keine Schonzeit<\/li>\n\n\n\n<li>Schleie &#8211; 25cm &#8211; keine Schonzeit<\/li>\n\n\n\n<li>Zander &#8211; 50 cm &#8211; 15.04. bis 01.06. (nicht gestattet vor 2020)<\/li>\n<\/ul>\n\n\n\n<p>Der Fang von Hechten ist auf 2 pro Angeltag begrenzt.<\/p>\n","protected":false},"excerpt":{"rendered":"<p>Der See ist reich an Fischen. Es finden sich Aal, Hecht, Barsch und Kaulbarsch, Pl\u00f6tze, Rotfeder, Karausche und Schleie, Karpfen, Moderlieschen und Stichling. Ein Besatz mit Zander wurde durchgef\u00fchrt, da die Zanderpopulation zu gering war. Es gelten folgende Mindestma\u00dfe und Schonzeiten: Der Fang von Hechten ist auf 2 pro Angeltag begrenzt.<\/p>\n","protected":false},"author":1,"featured_media":0,"parent":0,"menu_order":0,"comment_status":"closed","ping_status":"closed","template":"","meta":{"footnotes":""},"class_list":["post-315","page","type-page","status-publish","entry"],"publishpress_future_action":{"enabled":false,"date":"2026-04-23 22:34:17","action":"change-status","newStatus":"draft","terms":[],"taxonomy":"","extraData":[]},"publishpress_future_workflow_manual_trigger":{"enabledWorkflows":[]},"_links":{"self":[{"href":"https:\/\/angelverein-schwandt.de\/index.php?rest_route=\/wp\/v2\/pages\/315","targetHints":{"allow":["GET"]}}],"collection":[{"href":"https:\/\/angelverein-schwandt.de\/index.php?rest_route=\/wp\/v2\/pages"}],"about":[{"href":"https:\/\/angelverein-schwandt.de\/index.php?rest_route=\/wp\/v2\/types\/page"}],"author":[{"embeddable":true,"href":"https:\/\/angelverein-schwandt.de\/index.php?rest_route=\/wp\/v2\/users\/1"}],"replies":[{"embeddable":true,"href":"https:\/\/angelverein-schwandt.de\/index.php?rest_route=%2Fwp%2Fv2%2Fcomments&post=315"}],"version-history":[{"count":10,"href":"https:\/\/angelverein-schwandt.de\/index.php?rest_route=\/wp\/v2\/pages\/315\/revisions"}],"predecessor-version":[{"id":668,"href":"https:\/\/angelverein-schwandt.de\/index.php?rest_route=\/wp\/v2\/pages\/315\/revisions\/668"}],"wp:attachment":[{"href":"https:\/\/angelverein-schwandt.de\/index.php?rest_route=%2Fwp%2Fv2%2Fmedia&parent=315"}],"curies":[{"name":"wp","href":"https:\/\/api.w.org\/{rel}","templated":true}]}}