{"id":225,"date":"2019-01-04T12:26:40","date_gmt":"2019-01-04T12:26:40","guid":{"rendered":"http:\/\/angelverein-schwandt.de\/?page_id=225"},"modified":"2026-03-21T13:47:01","modified_gmt":"2026-03-21T12:47:01","slug":"kontakt","status":"publish","type":"page","link":"https:\/\/angelverein-schwandt.de\/?page_id=225","title":{"rendered":"Kontakt &#8211; Gastkarten &#8211; Touristen-Fischereischein"},"content":{"rendered":"\n<blockquote class=\"wp-block-quote is-layout-flow wp-block-quote-is-layout-flow\">\n<p><code><a id=\"contact\"><\/a><\/code>Hinweis:<\/p>\n\n\n\n<p>Auf dem Schwandter See sind ausschlie\u00dflich Boote von Vereinsmitgliedern oder vom Verein selbst zugelassen. Das gilt f\u00fcr <em>alle<\/em> Arten von Booten. Au\u00dferdem sind Boote mit Verbrennungsmotor nicht gestattet. Nur kleine Elektromotoren d\u00fcrfen verwendet werden. <\/p>\n<\/blockquote>\n\n\n\n<p>Hier k\u00f6nnen Sie uns eine Nachricht schreiben, wenn Sie Fragen zum Verein, zur Mitgliedschaft, zu Gast-Angelkarten oder irgendetwas haben, was Ihnen am Herzen liegt. <br>Gastangler m\u00fcssen zum Erwerb einer Angelkarte im Besitz eines Fischereischeins oder Touristen-Fischereischeins (siehe <a href=\"#touri\">hier<\/a>) sein. <strong>Achtung: Wer im eigenen Bundesland keine amtliche Jahres-Fischereiabgabe zahlt, muss das in Mecklenburg Vorpommern nachholen. Online geht das hier: <\/strong><a href=\"https:\/\/erlaubnis.angeln-mv.de\/\">https:\/\/erlaubnis.angeln-mv.de\/<\/a><br>Sprechen Sie uns auf kostenfreie Gast-Angelkarten f\u00fcr Ihre Kinder an.<\/p>\n\n\n\n<p><strong>Gast-Angelkarten<\/strong> k\u00f6nnen \u00fcber unseren Partner Fiskado auch <strong><a href=\"https:\/\/fiskado.de\/gewaesser\/?wtr=6414456613b11e11d7965859&amp;lat=53.589614&amp;long=13.034989&amp;zm=14\" target=\"_blank\" rel=\"noreferrer noopener\">online erworben werden<\/a><\/strong>.<\/p>\n\n\n\n<figure class=\"wp-block-image size-large is-resized\"><a href=\"https:\/\/fiskado.de\/gewaesser\/?wtr=6414456613b11e11d7965859&amp;lat=53.589614&amp;long=13.034989&amp;zm=14 \" target=\"_blank\" rel=\"noreferrer noopener\"><img loading=\"lazy\" decoding=\"async\" width=\"1024\" height=\"738\" src=\"https:\/\/angelverein-schwandt.de\/wp-content\/uploads\/2023\/04\/FiskadoAngelkartenLogo-1024x738.png\" alt=\"\" class=\"wp-image-670\" style=\"aspect-ratio:1.3875505224980822;width:141px;height:auto\" srcset=\"https:\/\/angelverein-schwandt.de\/wp-content\/uploads\/2023\/04\/FiskadoAngelkartenLogo-1024x738.png 1024w, https:\/\/angelverein-schwandt.de\/wp-content\/uploads\/2023\/04\/FiskadoAngelkartenLogo-300x216.png 300w, https:\/\/angelverein-schwandt.de\/wp-content\/uploads\/2023\/04\/FiskadoAngelkartenLogo-768x553.png 768w, https:\/\/angelverein-schwandt.de\/wp-content\/uploads\/2023\/04\/FiskadoAngelkartenLogo.png 1187w\" sizes=\"auto, (max-width: 1024px) 100vw, 1024px\" \/><\/a><\/figure>\n\n\n\n<h2 class=\"wp-block-heading\">Kontakt<\/h2>\n\n\n\n<div class=\"wpcf7 no-js\" id=\"wpcf7-f223-o1\" lang=\"de-DE\" dir=\"ltr\" data-wpcf7-id=\"223\">\n<div class=\"screen-reader-response\"><p role=\"status\" aria-live=\"polite\" aria-atomic=\"true\"><\/p> <ul><\/ul><\/div>\n<form action=\"\/index.php?rest_route=%2Fwp%2Fv2%2Fpages%2F225#wpcf7-f223-o1\" method=\"post\" class=\"wpcf7-form init\" aria-label=\"Kontaktformular\" novalidate=\"novalidate\" data-status=\"init\">\n<fieldset class=\"hidden-fields-container\"><input type=\"hidden\" name=\"_wpcf7\" value=\"223\" \/><input type=\"hidden\" name=\"_wpcf7_version\" value=\"6.1.5\" \/><input type=\"hidden\" name=\"_wpcf7_locale\" value=\"de_DE\" \/><input type=\"hidden\" name=\"_wpcf7_unit_tag\" value=\"wpcf7-f223-o1\" \/><input type=\"hidden\" name=\"_wpcf7_container_post\" value=\"0\" \/><input type=\"hidden\" name=\"_wpcf7_posted_data_hash\" value=\"\" \/><input type=\"hidden\" name=\"_wpcf7_recaptcha_response\" value=\"\" \/>\n<\/fieldset>\n<p><label> Ihr Name (Pflichtfeld)<br \/>\n<span class=\"wpcf7-form-control-wrap\" data-name=\"your-name\"><input size=\"40\" maxlength=\"400\" class=\"wpcf7-form-control wpcf7-text wpcf7-validates-as-required\" aria-required=\"true\" aria-invalid=\"false\" value=\"\" type=\"text\" name=\"your-name\" \/><\/span> <\/label>\n<\/p>\n<p><label> Ihre E-Mail-Adresse (Pflichtfeld)<br \/>\n<span class=\"wpcf7-form-control-wrap\" data-name=\"your-email\"><input size=\"40\" maxlength=\"400\" class=\"wpcf7-form-control wpcf7-email wpcf7-validates-as-required wpcf7-text wpcf7-validates-as-email\" aria-required=\"true\" aria-invalid=\"false\" value=\"\" type=\"email\" name=\"your-email\" \/><\/span> <\/label>\n<\/p>\n<p><label> Betreff<br \/>\n<span class=\"wpcf7-form-control-wrap\" data-name=\"your-subject\"><input size=\"40\" maxlength=\"400\" class=\"wpcf7-form-control wpcf7-text\" aria-invalid=\"false\" value=\"\" type=\"text\" name=\"your-subject\" \/><\/span> <\/label>\n<\/p>\n<p><label> Ihre Nachricht<br \/>\n<span class=\"wpcf7-form-control-wrap\" data-name=\"your-message\"><textarea cols=\"40\" rows=\"10\" maxlength=\"2000\" class=\"wpcf7-form-control wpcf7-textarea\" aria-invalid=\"false\" name=\"your-message\"><\/textarea><\/span> <\/label>\n<\/p>\n<p><input class=\"wpcf7-form-control wpcf7-submit has-spinner\" type=\"submit\" value=\"Senden\" \/>\n<\/p><div class=\"wpcf7-response-output\" aria-hidden=\"true\"><\/div>\n<\/form>\n<\/div>\n\n\n\n\n<h2 class=\"wp-block-heading\" id=\"touri\">Touristen &#8211; Fischereischein<\/h2>\n\n\n\n<p>Der zeitlich befristete Fischereischein wird dem Antragsteller&nbsp;f\u00fcr einen Zeitraum von&nbsp;<strong>bis zu 28 Tagen<\/strong>&nbsp;erteilt und kann bei Vorlage des Dokumentes der Erstausstellung im Kalenderjahr (auch mehrfach) verl\u00e4ngert werden.&nbsp;Antragsteller k\u00f6nnen B\u00fcrger anderer Staaten, anderer Bundesl\u00e4nder und auch B\u00fcrger aus dem Land Mecklenburg-Vorpommern sein.<\/p>\n\n\n\n<p>Der befristete Fischereischein wird als Touristenfischereischein\u00a0<strong>ausschlie\u00dflich<\/strong>\u00a0von den\u00a0<strong>\u00f6rtlichen Ordnungsbeh\u00f6rden<\/strong> und deren angeschlossene Stellen erteilt. <strong>Online kann <\/strong>er \u00fcber den folgenden Link erworben werden: <a href=\"https:\/\/erlaubnis.angeln-mv.de\/\">https:\/\/erlaubnis.angeln-mv.de\/<\/a><\/p>\n\n\n\n<p>In unserer Region kann man sich au\u00dferdem an folgende Stellen wenden:<\/p>\n\n\n\n<ul><li><a rel=\"noreferrer noopener\" href=\"https:\/\/www.amt-penzliner-land.de\/index.php?object=tx%7C2225.4.1&amp;ModID=10&amp;FID=2225.114.1\" target=\"_blank\">Amt Penzliner Land<\/a><\/li>\n<li><a href=\"https:\/\/www.stavenhagen.de\/buergerservice\/dienstleistungen\/ausnahmen-von-der-fischereischeinpflicht-genehmigung-900000068-0.html?myMedium=1\" target=\"_blank\" rel=\"noreferrer noopener\">B\u00fcrgerservice Stavenhagen<\/a><\/li><li><a href=\"https:\/\/www.neubrandenburg-touristinfo.de\/sport\/angeln\" target=\"_blank\" rel=\"noopener noreferrer\">Touristeninfo Neubrandenburg<\/a><\/li><li><a href=\"https:\/\/www.neustrelitz.de\/erleben\/touristinfo\" target=\"_blank\" rel=\"noopener noreferrer\">Touristinfo Neustrelitz<\/a><\/li><\/ul>\n\n\n\n<p>Alle Informationen zum Touristenfischereischein finden sich hier:<\/p>\n\n\n\n<p><a href=\"https:\/\/www.lallf.de\/fischerei\/angelfischerei\/touristenfischereischein\/\" target=\"_blank\" rel=\"noopener noreferrer\">Landesamt f\u00fcr Landwirtschaft, Lebensmittelsicherheit\nund Fischerei Mecklenburg-Vorpommern<\/a><\/p>\n\n\n\n<blockquote class=\"wp-block-quote is-layout-flow wp-block-quote-is-layout-flow\">\n<p><\/p>\n<\/blockquote>\n\n\n\n<blockquote class=\"wp-block-quote is-layout-flow wp-block-quote-is-layout-flow\">\n<blockquote class=\"wp-block-quote is-layout-flow wp-block-quote-is-layout-flow\">\n<blockquote class=\"wp-block-quote is-layout-flow wp-block-quote-is-layout-flow\">\n<blockquote class=\"wp-block-quote is-layout-flow wp-block-quote-is-layout-flow\">\n<blockquote class=\"wp-block-quote is-layout-flow wp-block-quote-is-layout-flow\">\n<blockquote class=\"wp-block-quote is-layout-flow wp-block-quote-is-layout-flow\">\n<p><\/p>\n<\/blockquote>\n<\/blockquote>\n<\/blockquote>\n<\/blockquote>\n<\/blockquote>\n<\/blockquote>\n","protected":false},"excerpt":{"rendered":"<p>Hinweis: Auf dem Schwandter See sind ausschlie\u00dflich Boote von Vereinsmitgliedern oder vom Verein selbst zugelassen. Das gilt f\u00fcr alle Arten von Booten. Au\u00dferdem sind Boote mit Verbrennungsmotor nicht gestattet. Nur kleine Elektromotoren d\u00fcrfen verwendet werden. Hier k\u00f6nnen Sie uns eine Nachricht schreiben, wenn Sie Fragen zum Verein, zur Mitgliedschaft, zu Gast-Angelkarten oder irgendetwas haben, was [&hellip;]<\/p>\n","protected":false},"author":1,"featured_media":0,"parent":0,"menu_order":0,"comment_status":"closed","ping_status":"closed","template":"","meta":{"footnotes":""},"class_list":["post-225","page","type-page","status-publish","entry"],"publishpress_future_action":{"enabled":false,"date":"2026-05-08 22:39:16","action":"change-status","newStatus":"draft","terms":[],"taxonomy":"","extraData":[]},"publishpress_future_workflow_manual_trigger":{"enabledWorkflows":[]},"_links":{"self":[{"href":"https:\/\/angelverein-schwandt.de\/index.php?rest_route=\/wp\/v2\/pages\/225","targetHints":{"allow":["GET"]}}],"collection":[{"href":"https:\/\/angelverein-schwandt.de\/index.php?rest_route=\/wp\/v2\/pages"}],"about":[{"href":"https:\/\/angelverein-schwandt.de\/index.php?rest_route=\/wp\/v2\/types\/page"}],"author":[{"embeddable":true,"href":"https:\/\/angelverein-schwandt.de\/index.php?rest_route=\/wp\/v2\/users\/1"}],"replies":[{"embeddable":true,"href":"https:\/\/angelverein-schwandt.de\/index.php?rest_route=%2Fwp%2Fv2%2Fcomments&post=225"}],"version-history":[{"count":30,"href":"https:\/\/angelverein-schwandt.de\/index.php?rest_route=\/wp\/v2\/pages\/225\/revisions"}],"predecessor-version":[{"id":759,"href":"https:\/\/angelverein-schwandt.de\/index.php?rest_route=\/wp\/v2\/pages\/225\/revisions\/759"}],"wp:attachment":[{"href":"https:\/\/angelverein-schwandt.de\/index.php?rest_route=%2Fwp%2Fv2%2Fmedia&parent=225"}],"curies":[{"name":"wp","href":"https:\/\/api.w.org\/{rel}","templated":true}]}}