{"id":2,"date":"2016-05-10T03:48:21","date_gmt":"2016-05-10T03:48:21","guid":{"rendered":"http:\/\/angelverein-schwandt.de\/?page_id=2"},"modified":"2020-05-30T12:44:24","modified_gmt":"2020-05-30T10:44:24","slug":"sample-page","status":"publish","type":"page","link":"https:\/\/angelverein-schwandt.de\/?page_id=2","title":{"rendered":"Der Verein"},"content":{"rendered":"\n<p><code><a id=\"the_club\"><\/a><\/code>Der\n Angelverein Schwandt von 1954 e.V. ist ein traditionsreicher Verein, \ndessen ca. 80 Mitglieder den gepachteten See und sein Umfeld aktiv \npflegen.<\/p>\n\n\n\n<div class=\"wp-block-columns has-2-columns is-layout-flex wp-container-core-columns-is-layout-9d6595d7 wp-block-columns-is-layout-flex\">\n<div class=\"wp-block-column is-layout-flow wp-block-column-is-layout-flow\">\n<p>Dabei wird M\u00fcll entfernt, die Uferzone ges\u00e4ubert und &#8211; nat\u00fcrlich &#8211; die Angelpl\u00e4tze und vom Verein gebauten Stege gewartet und erhalten. <\/p>\n\n\n\n<p>Erhaltung und Pflege der Natur sowie die Gesunderhaltung des Gew\u00e4ssers zum Wohl der Allgemeinheit geh\u00f6ren ebenso wie die Pflege des Fischbestandes und die F\u00f6rderung des waidgerechten Angelns zu den Kernaufgaben des Vereins.<\/p>\n<\/div>\n\n\n\n<div class=\"wp-block-column is-layout-flow wp-block-column-is-layout-flow\">\n<figure class=\"wp-block-image is-resized\"><img loading=\"lazy\" decoding=\"async\" src=\"http:\/\/angelverein-schwandt.de\/wp-content\/uploads\/2019\/01\/waldputz-300x225.jpg\" alt=\"Uferpflege, Foto: A. Sittig\" class=\"wp-image-96\" width=\"302\" height=\"226\" srcset=\"https:\/\/angelverein-schwandt.de\/wp-content\/uploads\/2019\/01\/waldputz-300x225.jpg 300w, https:\/\/angelverein-schwandt.de\/wp-content\/uploads\/2019\/01\/waldputz-768x576.jpg 768w, https:\/\/angelverein-schwandt.de\/wp-content\/uploads\/2019\/01\/waldputz.jpg 1000w\" sizes=\"auto, (max-width: 302px) 100vw, 302px\" \/><figcaption>Uferpflege<\/figcaption><\/figure>\n<\/div>\n<\/div>\n\n\n\n<div class=\"wp-block-columns has-2-columns is-layout-flex wp-container-core-columns-is-layout-9d6595d7 wp-block-columns-is-layout-flex\">\n<div class=\"wp-block-column is-layout-flow wp-block-column-is-layout-flow\">\n<figure class=\"wp-block-image\"><img loading=\"lazy\" decoding=\"async\" width=\"300\" height=\"225\" src=\"http:\/\/angelverein-schwandt.de\/wp-content\/uploads\/2019\/01\/unterstand_bau-1-300x225.jpg\" alt=\"\" class=\"wp-image-124\" srcset=\"https:\/\/angelverein-schwandt.de\/wp-content\/uploads\/2019\/01\/unterstand_bau-1-300x225.jpg 300w, https:\/\/angelverein-schwandt.de\/wp-content\/uploads\/2019\/01\/unterstand_bau-1-768x576.jpg 768w, https:\/\/angelverein-schwandt.de\/wp-content\/uploads\/2019\/01\/unterstand_bau-1.jpg 1000w\" sizes=\"auto, (max-width: 300px) 100vw, 300px\" \/><figcaption>Bau eines bedachten Sitzes<\/figcaption><\/figure>\n<\/div>\n\n\n\n<div class=\"wp-block-column is-layout-flow wp-block-column-is-layout-flow\">\n<figure class=\"wp-block-image\"><img loading=\"lazy\" decoding=\"async\" width=\"300\" height=\"225\" src=\"http:\/\/angelverein-schwandt.de\/wp-content\/uploads\/2019\/01\/unterstand-300x225.jpg\" alt=\"\" class=\"wp-image-93\" srcset=\"https:\/\/angelverein-schwandt.de\/wp-content\/uploads\/2019\/01\/unterstand-300x225.jpg 300w, https:\/\/angelverein-schwandt.de\/wp-content\/uploads\/2019\/01\/unterstand-768x576.jpg 768w, https:\/\/angelverein-schwandt.de\/wp-content\/uploads\/2019\/01\/unterstand.jpg 1000w\" sizes=\"auto, (max-width: 300px) 100vw, 300px\" \/><\/figure>\n<\/div>\n<\/div>\n\n\n\n<p>Kinder und Jugendliche sind herzlich willkommen. Gemeinsam wollen wir die Freude an der Angelfischerei in der Natur erleben.<\/p>\n\n\n\n<p>Bei Interesse an einer Mitgliedschaft oder an Gastangelkarten gen\u00fcgt eine Nachricht mit dem <a href=\"http:\/\/angelverein-schwandt.de\/?page_id=225#contact\">Kontaktformular<\/a>. Wir melden uns. Die Arbeit unseres gemeinn\u00fctzigen Vereins basiert auf unserer Satzung. Zum Lesen einfach auf den Button klicken:<\/p>\n\n\n\n<div class=\"wp-block-file\"><a href=\"https:\/\/angelverein-schwandt.de\/wp-content\/uploads\/2020\/05\/Satzung_AVSchwandt_12_2019.pdf\" class=\"wp-block-file__button\" download>Satzung Lesen<\/a><\/div>\n\n\n\n<div class=\"wp-block-columns has-2-columns is-layout-flex wp-container-core-columns-is-layout-9d6595d7 wp-block-columns-is-layout-flex\">\n<div class=\"wp-block-column is-layout-flow wp-block-column-is-layout-flow\">\n<figure class=\"wp-block-image\"><img loading=\"lazy\" decoding=\"async\" width=\"300\" height=\"215\" src=\"http:\/\/angelverein-schwandt.de\/wp-content\/uploads\/2019\/01\/Stegbau2009-300x215.jpg\" alt=\"\" class=\"wp-image-99\" srcset=\"https:\/\/angelverein-schwandt.de\/wp-content\/uploads\/2019\/01\/Stegbau2009-300x215.jpg 300w, https:\/\/angelverein-schwandt.de\/wp-content\/uploads\/2019\/01\/Stegbau2009-768x550.jpg 768w, https:\/\/angelverein-schwandt.de\/wp-content\/uploads\/2019\/01\/Stegbau2009.jpg 1000w\" sizes=\"auto, (max-width: 300px) 100vw, 300px\" \/><figcaption>Reparatur Bootssteg 2009<\/figcaption><\/figure>\n\n\n\n<p><br><\/p>\n<\/div>\n\n\n\n<div class=\"wp-block-column is-layout-flow wp-block-column-is-layout-flow\">\n<figure class=\"wp-block-image is-resized\"><img loading=\"lazy\" decoding=\"async\" src=\"http:\/\/angelverein-schwandt.de\/wp-content\/uploads\/2019\/01\/stegbau_2016-300x225.jpg\" alt=\"\" class=\"wp-image-103\" width=\"289\" height=\"215\"\/><figcaption>Nach getaner Arbeit<\/figcaption><\/figure>\n<\/div>\n<\/div>\n\n\n\n<p style=\"font-size:-5px\">Fotos: A. Sittig<\/p>\n","protected":false},"excerpt":{"rendered":"<p>Der Angelverein Schwandt von 1954 e.V. ist ein traditionsreicher Verein, dessen ca. 80 Mitglieder den gepachteten See und sein Umfeld aktiv pflegen. Dabei wird M\u00fcll entfernt, die Uferzone ges\u00e4ubert und &#8211; nat\u00fcrlich &#8211; die Angelpl\u00e4tze und vom Verein gebauten Stege gewartet und erhalten. Erhaltung und Pflege der Natur sowie die Gesunderhaltung des Gew\u00e4ssers zum Wohl [&hellip;]<\/p>\n","protected":false},"author":1,"featured_media":0,"parent":0,"menu_order":0,"comment_status":"closed","ping_status":"open","template":"","meta":{"footnotes":""},"class_list":["post-2","page","type-page","status-publish","entry"],"publishpress_future_action":{"enabled":false,"date":"2026-05-08 21:30:18","action":"change-status","newStatus":"draft","terms":[],"taxonomy":"","extraData":[]},"publishpress_future_workflow_manual_trigger":{"enabledWorkflows":[]},"_links":{"self":[{"href":"https:\/\/angelverein-schwandt.de\/index.php?rest_route=\/wp\/v2\/pages\/2","targetHints":{"allow":["GET"]}}],"collection":[{"href":"https:\/\/angelverein-schwandt.de\/index.php?rest_route=\/wp\/v2\/pages"}],"about":[{"href":"https:\/\/angelverein-schwandt.de\/index.php?rest_route=\/wp\/v2\/types\/page"}],"author":[{"embeddable":true,"href":"https:\/\/angelverein-schwandt.de\/index.php?rest_route=\/wp\/v2\/users\/1"}],"replies":[{"embeddable":true,"href":"https:\/\/angelverein-schwandt.de\/index.php?rest_route=%2Fwp%2Fv2%2Fcomments&post=2"}],"version-history":[{"count":58,"href":"https:\/\/angelverein-schwandt.de\/index.php?rest_route=\/wp\/v2\/pages\/2\/revisions"}],"predecessor-version":[{"id":489,"href":"https:\/\/angelverein-schwandt.de\/index.php?rest_route=\/wp\/v2\/pages\/2\/revisions\/489"}],"wp:attachment":[{"href":"https:\/\/angelverein-schwandt.de\/index.php?rest_route=%2Fwp%2Fv2%2Fmedia&parent=2"}],"curies":[{"name":"wp","href":"https:\/\/api.w.org\/{rel}","templated":true}]}}